{"id":85,"date":"2021-06-29T21:04:48","date_gmt":"2021-06-29T19:04:48","guid":{"rendered":"http:\/\/www.agp-verneuil.fr\/?page_id=85"},"modified":"2025-12-22T17:56:41","modified_gmt":"2025-12-22T16:56:41","slug":"photos","status":"publish","type":"page","link":"https:\/\/www.agp-verneuil.fr\/index.php\/photos\/","title":{"rendered":"Photos"},"content":{"rendered":"\n<p><strong>Joyeux No\u00ebl 2025<\/strong><\/p>\n\n\n\n<figure class=\"wp-block-image size-large\"><img src=\"data:image\/png;base64,iVBORw0KGgoAAAANSUhEUgAAAOEAAADhCAMAAAAJbSJIAAAB71BMVEX\/\/\/9KqKv\/mVLZHEW6\/+0HFib3srWrChzyj62nAAAAFiX3r7L\/nFIAAAD\/nVP3rrH\/cx89pKfYADr\/mE\/\/k0TidyS5\/\/LXADbYFUGk8eT\/lUnXADLfHEb+bSDYDT4AABmqABQAECbvTjH4uLv\/qMIAABDvaiAACSb95+gAABIACx94OyTqgDH++Pr3\/\/20\/+z5xMb\/9O3\/69\/\/pWj\/49PpjZ3xcU3WACzsnarN\/\/Lt\/\/rG\/\/D83+D97PHy8\/Tnw8bIG0KSRiPX6erdPVz\/0bb\/yKjrXkv8j1HgNUf2f0\/fSmf\/wJj\/2sOxAADyvMbOgYu6ECrlboTcLlL71deGZm1wVl3XnaH3mbX\/sHz5z9tTWWHBxMfxgKOsr7OdGjtUFy+2Gz+FGTbcp6uVyMrB3t8lVl7hX3X\/tITKOjLhRkXaYzv7mnLicAnwgD\/haiv\/jjblfY3qWFnVABzG39HKsKrdwJ3pvozOYW62kIy\/5tnngJPRZnjGt7XiWnPNjJLb\/\/XobFTP48XreXlQQkwnKTeleoBAOUT4vs+Pkpf2ssZhZ297hIyvbUJCMS54YlfjiktWOzG4PUfHcHe4SVGfACWdUGM6FyusGj4hFilDFyxlABT1XSpgEiWeOSyGESe5Qy18vsFDeH8PLjtUanAsZm1PTviqAAATOUlEQVR4nO1d+19SXb5Gt6DcvGxIdmCALzEh4\/aSkpRADWiZJSKUpZa3zMZ3Zk6d03teT03mOec1u82Zd7pM9c40M9a8f+hZa+3r2mxkA\/uC8+H5RUTYrIfv5fl+115raTI10EADDTTQQAMNNNCAashuRowegrZIeEh\/0uhBaIoMRVAiinH\/goGD0QJZH0EQ\/gzN\/LaQ9\/gzxg5ILZweZh8AEwJYY+iX2Bj4jUwYNywV4XaM3Lw3eXV0OE4g5GKxbGJ7Bj70ZI0enCrwugC8brdrpPnS5TMXf50jSY\/Hg8iScaMHpwZOe5sFOBzt7WcIYmrr219PQYovjR6dGrjqbsbQfhEwO9MOcOnybyZG+Sg9upi478UZbgGGlx3IotB5vShKjR5lLRi+egW34hTPkAGKUqNHWRuu\/vbYsf7+fq8LEboE4+8S7rmudqPHWBsmAL1jDMCj30GGOMFm7z2jx1gbJr3IF71uxPTfAMEpZFIXb0LvpNFjrA1XRKnG5QJiQWz1cxbt93q9zSP3J4weY2246RI5JBKLiw5gNy\/nuz8aPcCagakFI4d8KoVER4weYM3AxMKxJRGLZtcRD0IgiMVyiImF90jLPYSkbCsSC\/eo0SOsFRNYHCLBb8dseNroEdaKSay5uAzlEGPYbPQAawYmFg4ohxfFDI96xQbQXCSHZ7BUevTFApfDLSlD7xWjB1grhnGG0t6p2XvEKzaTaRRnWCwW\/4py6MAYHnmxmCgWC5yh0QOsGfcwhqh3wuTwvtEDrBkj\/\/JyiDEsFgvXEZ\/AAGKB5RkZsTjyvdPpYrHAe6ejL4eYWBRPJRrVOyWzsbnN6Z25B\/EEXduVinunKcxv3UbM6tPZTb+P9FMU5feTvky8phvTV4rkcMtoOaRjhIciBFAkFavBjjfvu+GEIcuwHsQi7iHF\/JjbfEQNdzKHRycm743A+2oOh4OdSjRQLAoZj5QesuPY4youlhDce9M\/tXXxzOWRfyc95BmXMNute+8U9xXZj4Vnp2JPLfwHOccutliYoYC3+x6f23348Lv\/\/P7mSDu8rQbn9fWVw+SOrAFZT52ulGKMJPy+aeDfkfPbHtKzM\/+we7ClpRui5ezw6dHJK\/dG3Pf17J0SeX9pgnCZSIXX24SXy83MgsTs2X7yqKW7RYQB9kV6akW2pIdWSREtLqHIGSKTyXRj9FpaxgfKv19tWMYO5wcdda6iK2aAmvp3\/utRniJ8DzGGg+c0InEY4j4JHTmDeipaHBLP\/P67RyDoZv0EOS8wHDx+\/PiuVjRK4zGeY6hca07WigXllzy3O458s3vJQ1AZluFxhMGz2jEpgTmMINUqzw\/8Ja8woZ472zLIW40kCN8jxngA6Clt6RRjhxTTyJUkCIyoQPkHds8ODoqirvv3wE2\/E9jpH4j0tJTgIUnVV95Px8X0IMMnwE03B4+Ln9M1EJM4wWIDgh5DoEyVl4xdnOHx44\/gBzzC1UIHYhySGUzngQUFZqTH5xvzE\/k8QY75YD8FjVi2CB8QGDKhN7hJEeQSrhf66WGSkCdIkSSxE8sW+OI5uZB9nKE8gGXZa46L8yZ003lQv73FGermpklc9yiGIKA3HSvIpM1kdi4\/VlYUd1vGxXmzpeUhCbx7HHNT\/fRiTpJlAGHKl4+VXrubzO6U6\/kHBkzdwDdFfEABR0rKGnVpHIYMJTZhDvDLZMuIngJNxLNN9yxJkE+NKtwSHsyEnrwqC5MHcIZLwE2nMS\/V0U1Nj4VUA0yo1rJkPOrGQbh7cL3Q0U0LvBFz1k3V9ntI3BSVNYb1F9NsJFIz6+pd9BzO8AnQi228R9SxrHnAuKmfqKBxKA886sZB9+nDn9Kx+n6JBKPyeZjDsYux6QaO4nmCG1G\/siYLA5HcUfmqEjddN7CsQQxVJ2gy4fX3IziHIPFc1T+yFOLg61XZRSHO4nyKyxr93PTBmC+vwa5AiV48NbCsiYcW1LegSeKm2GwNC\/1na1SGpKzJU4T\/Ie65Ro+wVkjc9C0oa9aNnzZVE5Lq+4nHyLJGG+Bu+ggWhuLqe1DX2RpNIClrNsVlDaC3a8C9C5UhKWu+48uawe6z5+qIHp1MFIaGQghDhUREubIM4JkTztYQ0Hq7A7F83Zw8ECmE7PYOu91isdg7WIQKSoeHlzXdeYryLAHfTBBkhbextEJkyNIBuUHYLUOJSDKZjCTAkx32gqIiCHPT7u75qf+G97QLcKmHz\/izFehEiKcHCIrmFumEBdg1pMCQgpsOdo\/\/z\/cjDod3ZJRGc1\/G7+IuWDosAuw4HToEnusYKs+R0YvBwfHd711utIfU5b73v+jecF6rkSsDsJJFTHBI8vcIot8xVC7rgLJmcJDJm5PcKhoXWhhFzWg0dEWgQx3QD0VGDKGEGgJhCdIpyKZJ5m92exkzDrTscpXZ6d\/yi2gccEv+jIEHRiRglIG8khgSDAlSqJ39DVAPCc8rntsZOXasn+fY3vxtjnyQhHdDYg\/m9A7JoQ4+woYwXwWYf3b9+vVr86JnlFIcdXv7jx3jV\/E5muFasvXtnI\/0k\/qecAI9lHe9IQm\/H8Lh\/evX95zXxM8qqwDgWmgvMCPLEW0OooLofh01rRkbGSSF9EEX8HRjeebcf8o8uC7OQoqMyG666Gdd1YFW0p65jGZqdWUICTKPIkMdEhedd14LWWRgV2JEbneXi+GItspOgXCEpvTrWN\/QdlYXIqGOIibPfpDjByJRQVIUbUGEHN2XkQmBfrRf2iLG9DtLiQ7ZUVTRQxg\/ezweLyYsIFT2wsPiDQnNIOXAFfvsNsv230jFVkMM2VFQQaIhyzybMTtutCHExZwZcEYs66ZX8NNN0Eph4hJbArj028tdADoPJcpuWb9mdobDTphQ4m08WJUHP4YKhUQBVgCIZUe56u205IQatLtrS1BHr047EmAlBmqUiN1yLbx37en8\/LO9p2KCiCIIVNHifRp0H\/by2RTbNcMqBfE7kHL4p9wjeuxJQIkyBET+h8Azzh3jbTdOnrzBU7RYipYv0AV7R5lAGpWYECnFxXasAgAFueab9AqsE1qe9Qk1S1vbSQCe4Uu5iKOHyqSadokJoVKgTZaiCgC6qia0ROPk1W9fqFg6oAlFDG\/Iv\/dwL52QpBleKUQVAHRUrWOxIC1BGSfFbdhWRWM+3Iyb0IGUgm+l+tlw1HxHNy2rdDACbwhh2NZWxfyRVCmQCUW71xiOXs13Ayekko7mncTkECrv6fCta+zmNXwTKQjH4YmbGpDCgHcRcD4tkaRNz6UMK\/fSe5KjzBixx1lrHoImduKFL1hCnOQlpAwrvrBUKZoZpcCe0uVQBRFD8QQTLXHT5xVfWFbsJaT12YHIMbRbsFBbwBlWfCN1Ajch2xZKTKh5CCKwDO0hCQmRUrTdqrzLkSoF0xbiuK\/itpkXzujtEn9iZmSKZg0xipBgZVacLKMUEOpsXlu6vZQymVJ7UbNzMSX7CiT4MgSBo7KxeBLm0eStSrLpsFtO7HEfbXZVQ0iC9J4z7HQuLqUCZrM5sCdLETUWJerLyPPnzxcYZi9L1G3yoCddRecp8G0hl2bUUIpFyMwcdb6CPwBF2cFAJy3rgs8rMiHA8D2xGYvFXh2lWHKaGUSZH32v5F41ZJef+aQF2smTt6qoaUa4dMoohVTs1SjWXgfMOJxLMq+KdMj76MItZrFNcuHkrZNVLbsZbWb88pKc2KuiFK+kDANyDE2WEvZZuHELVN+3bt14WeUdv9fRP0CO7XJKoc7ZNFKGYVmCptInCyQXFhYS1d7QTO+Hzaf+7w+OdnFbyCuFOhu5X4TL+6hmSPXC77f31B9\/xNpCzoTqiH0qYBMT5DQ\/8v68Kpc\/\/LNPsemtt3eN6JGKvVutacTbToFggEukkdagVdVVz7JI9Ua5T7btLUuVQr3jFF7xfhrl9J5+H2y1zqr2CSWxJISILQrCUWxENdv6V5wVw5yPbltbATRZdAkRmX3HXlucBXpP\/elHh3B4sKpt4W0nU9dw9cw8ImhVcfcBBtpq5R1kP2oWc\/zjCFflqNwWpl6FA0IeLSCCAFotagHXt7KJTOSn0IlemK62e1VUChHSr\/ecvcxD+k2QIWh9q\/ansAAMg2\/Yx4siI0ajMA+gglyLk3dSS2wUznMmbLU+Vf9jTNBLRTFwW2REttoYvuJ2a3mmCR1s5WGd1+ITEpBh8D2bbHgbRnkxNp2+qeWBGE+trSKKWljxPJbI2NI\/6pRvTdUHLSbYGtzW4CNm0UcE3zBGhO1bNBDeLzWDojrmMYaauOl7Jg7YdJpyOvsWX+tYDs9bg2KGGlSn59nvMMimajRLpCcSb6zaMtzmvsKg+tdWiKeCGTUovwtWLb8+hRDMqMEgpoWvTxu5VQbOjOozjPt4gkFN1FYpEu+1qb4XPATPT7PeRSFmoRmDKpemcJl6DlzW2qpV41IJYDTyBbI6yMIjCXNB65t64AcBotGq4mpkmjluyvPOuBxahMIbFecyXubRrnBqU7UrqoJZqzptcCGWZw\/N1HO9qCKcr020snPxePzBtM\/HHwqq76pmJaBrSupxH0ky5ysRdcuwNsSwI3zqMQ5rxVzRgZl1F4eHIV72OB46U3S4m\/+BHkOrFLRsQo2Nxcq9MSE9UZIgyLJvMgSZ4q05iWkPRZV7X3EY1us\/iJ0bm8YPwEo8IP3lz5+jZY6t9dXNDlgMWQ9F5mPc8RGF+DSJxl7uEMF4sQmpjNEthTySJDyIzjfmz0xniDFBvg8\/lDUpc7RyfSYak3BuG3YOJDyK9rDKfFPOSev134nL+BtjkkOOrpF7j+JDXHUHXZz2GZQ+fuil3PHfdaoVEI9LGLHkGVlFhysjeOozk0JE3veUoOiX+8cB9JwcwR7iz\/qPXDFerayW4Ej55iSWodluV8pv2Zk2ZvCKkArYPl8owdHvnxOlyEg84yk+a7inZ\/mD\/KK5usGLsA1ylCfpJ\/Ob8SyAZS7jL\/4XGIifzRzV+Q5FpdiP2my2lY+EPEfKT3oA8HaXo3dhzWyz6bzgqgqk4A1pm+3T2oUSJGUBjP5xBXw1ZnP4tdEMyoJZOAFG+9PaKhg5RpPiILXe8sonG1pYFlg0evzlMfsXdg0cIPlpZXm1p4ej+c0JHn+lWG6A3ce1n8w2hp85+qleqxke9La19TO\/zM9mQ7ZcXoVktjpFOMGQW\/78Cb2GW4fwyfgjZ8ogiW65fbaJljIiBrZPP638ovPEL1icONH5t58+2MTk4CtLLJGvJyRamfttf1\/Bhs7wBAxPsfhVZ+evevEXgFeEr9c9wXX+vnBude0TThIx7GWXpiGGki\/gw9+r+W9J+gJboUERq5\/NIi8szRA58dqFMYvR4y+Lt9gSlNZcD6cCiKccQzZEV5Yv9Him67ef4LGOM2zNUUgOVj+urXzg4rAX4dQvURzazB9W1j6CEq+HJOxGj14R3gRbJRw50SMurK4uA4a\/ZPFtZ+c\/lldXLzAVAemP1b1IMDgvMSLk6PPx0zB\/7TwhyGHnFFvsUKTvqPAzcWvRRLC+g3OmHqbOpk6IFP8blp4nb\/iha+WQAuB\/kfgps7qWzs7lmW7iGx5TrF3jBp7WpQxLi+bA3h7f70RasfVu\/FIDuvBybprCpywoKjdTR\/fqS+A1Wt0eEJpyUSgGJQuJ6GRyJpfLgcYiB4G+grovs7l9Jn1C08pLRjBYJHAJSZiqvQ5HfaScbMEiburYwsb6rtg+8xKGmu1kUA38vkthJ5SJ5SG7gl+ql9a6L2NEK+h7RV0BqL9lVw1HJASD73QbabUQbGiO7oueLwRlc6S0qtNjz1St2BM2eiiZ5Fy3ar54Wm2I9+wpmiNbfyMi+b7utcLEbWJnKSqaqk7MciQ12cOgOlI20YakcImzFiSgE\/Nvc1aAutcKhLRTRDHQq3i6Onl+ff6IdBTpqHhvoLO+b6pUh\/SeEItRc91PllWD1CJ\/pIT8OQQIS\/V+v+VQ3A4EgKtG+\/ZTpoFUOr0BcYfFAYu98Aujh1k9Bs5tfPlqjn79uampqwhNDL4EbH1mycazg66mgzt3NjbSdfQvDnCk0sBSB00iHqVxF+Yjp\/mFKE7T8F3cFwGpplP1QxVyY6iV58bgKxOofeHFF0vMrEcKfwFzsYODO2nDk1V64wCRU0iNHT8\/vx\/tc0b3FhcX\/1nqlZCngY67UTk5CUPEEiB82FUQSwNsuXFQFTuEr+K6ALG8W+5L6WrSmeRGU7XsIL5Ij\/Ax95W\/XFfXHf04pmvi1yRjxMAXBe\/q6trQi2CN\/MBYo9EqGIL33dGH4UHNDJu6vuKOqsBLmffpw\/BO7Qybmn4WmzH6Venb9GE4UGsYInTdNQeilTlpU5duq\/juVC0U2Hi\/fAVVejQaUBqFBzouU0wdqMIRkPz57t2flVwKfJ7eyzBRRaMGS2X0dBRDAQOg4q6+sFFMDpWmBtBjkUorbZmq4QZ7RiPZ8QA0kTVVIspeCTSJddQjIqQ3YKPIN7LV0ILvOqjrTh9hII2mZg4OJIOXA\/uSAzSDsWF8w1sN4HQUhw0WwjOpI8mpgQYaaKCBBhpooAGd8P+smlKvjY1EnwAAAABJRU5ErkJggg==\" alt=\"\"\/><\/figure>\n\n\n\n<div class=\"wp-block-columns are-vertically-aligned-top\">\n<div class=\"wp-block-column is-vertically-aligned-top\" style=\"flex-basis:100%\">\n<div class=\"wp-block-group\"><div class=\"wp-block-group__inner-container\">\n<figure class=\"wp-block-gallery columns-0\"><ul class=\"blocks-gallery-grid\"><li class=\"blocks-gallery-item\"><figure><img loading=\"lazy\" width=\"768\" height=\"576\" src=\"http:\/\/www.agp-verneuil.fr\/wp-content\/uploads\/2025\/12\/SAVE_20251222_163956.jpg\" alt=\"\" data-id=\"392\" data-full-url=\"http:\/\/www.agp-verneuil.fr\/wp-content\/uploads\/2025\/12\/SAVE_20251222_163956.jpg\" data-link=\"https:\/\/www.agp-verneuil.fr\/save_20251222_163956\/\" class=\"wp-image-392\" srcset=\"https:\/\/www.agp-verneuil.fr\/wp-content\/uploads\/2025\/12\/SAVE_20251222_163956.jpg 768w, https:\/\/www.agp-verneuil.fr\/wp-content\/uploads\/2025\/12\/SAVE_20251222_163956-300x225.jpg 300w\" sizes=\"(max-width: 768px) 100vw, 768px\" \/><\/figure><\/li><li class=\"blocks-gallery-item\"><figure><img loading=\"lazy\" width=\"768\" height=\"576\" src=\"http:\/\/www.agp-verneuil.fr\/wp-content\/uploads\/2025\/12\/SAVE_20251222_164008.jpg\" alt=\"\" data-id=\"393\" data-full-url=\"http:\/\/www.agp-verneuil.fr\/wp-content\/uploads\/2025\/12\/SAVE_20251222_164008.jpg\" data-link=\"https:\/\/www.agp-verneuil.fr\/save_20251222_164008\/\" class=\"wp-image-393\" srcset=\"https:\/\/www.agp-verneuil.fr\/wp-content\/uploads\/2025\/12\/SAVE_20251222_164008.jpg 768w, https:\/\/www.agp-verneuil.fr\/wp-content\/uploads\/2025\/12\/SAVE_20251222_164008-300x225.jpg 300w\" sizes=\"(max-width: 768px) 100vw, 768px\" \/><\/figure><\/li><\/ul><\/figure>\n\n\n\n<figure class=\"wp-block-gallery columns-2 is-cropped\"><ul class=\"blocks-gallery-grid\"><li class=\"blocks-gallery-item\"><figure><img loading=\"lazy\" width=\"768\" height=\"1024\" src=\"http:\/\/www.agp-verneuil.fr\/wp-content\/uploads\/2025\/12\/SAVE_20251222_164618-1.jpg\" alt=\"\" data-id=\"414\" data-full-url=\"http:\/\/www.agp-verneuil.fr\/wp-content\/uploads\/2025\/12\/SAVE_20251222_164618-1.jpg\" data-link=\"https:\/\/www.agp-verneuil.fr\/save_20251222_164618-2\/\" class=\"wp-image-414\" srcset=\"https:\/\/www.agp-verneuil.fr\/wp-content\/uploads\/2025\/12\/SAVE_20251222_164618-1.jpg 768w, https:\/\/www.agp-verneuil.fr\/wp-content\/uploads\/2025\/12\/SAVE_20251222_164618-1-225x300.jpg 225w\" sizes=\"(max-width: 768px) 100vw, 768px\" \/><\/figure><\/li><li class=\"blocks-gallery-item\"><figure><img loading=\"lazy\" width=\"768\" height=\"1024\" src=\"http:\/\/www.agp-verneuil.fr\/wp-content\/uploads\/2025\/12\/SAVE_20251222_164624.jpg\" alt=\"\" data-id=\"415\" data-full-url=\"http:\/\/www.agp-verneuil.fr\/wp-content\/uploads\/2025\/12\/SAVE_20251222_164624.jpg\" data-link=\"https:\/\/www.agp-verneuil.fr\/save_20251222_164624\/\" class=\"wp-image-415\" srcset=\"https:\/\/www.agp-verneuil.fr\/wp-content\/uploads\/2025\/12\/SAVE_20251222_164624.jpg 768w, https:\/\/www.agp-verneuil.fr\/wp-content\/uploads\/2025\/12\/SAVE_20251222_164624-225x300.jpg 225w\" sizes=\"(max-width: 768px) 100vw, 768px\" \/><\/figure><\/li><\/ul><\/figure>\n<\/div><\/div>\n<\/div>\n<\/div>\n\n\n\n<p>Derniers cours de l&#8217;ann\u00e9e 2024 aux couleurs de No\u00ebl<\/p>\n\n\n\n<figure class=\"wp-block-gallery columns-2 is-cropped\"><ul class=\"blocks-gallery-grid\"><li class=\"blocks-gallery-item\"><figure><img loading=\"lazy\" width=\"1024\" height=\"768\" src=\"http:\/\/www.agp-verneuil.fr\/wp-content\/uploads\/2024\/12\/IMG_2754-1024x768.jpeg\" alt=\"\" data-id=\"356\" data-full-url=\"http:\/\/www.agp-verneuil.fr\/wp-content\/uploads\/2024\/12\/IMG_2754-scaled.jpeg\" data-link=\"http:\/\/www.agp-verneuil.fr\/img_2754\/\" class=\"wp-image-356\" srcset=\"https:\/\/www.agp-verneuil.fr\/wp-content\/uploads\/2024\/12\/IMG_2754-1024x768.jpeg 1024w, https:\/\/www.agp-verneuil.fr\/wp-content\/uploads\/2024\/12\/IMG_2754-300x225.jpeg 300w, https:\/\/www.agp-verneuil.fr\/wp-content\/uploads\/2024\/12\/IMG_2754-768x576.jpeg 768w, https:\/\/www.agp-verneuil.fr\/wp-content\/uploads\/2024\/12\/IMG_2754-1536x1152.jpeg 1536w, https:\/\/www.agp-verneuil.fr\/wp-content\/uploads\/2024\/12\/IMG_2754-2048x1536.jpeg 2048w\" sizes=\"(max-width: 1024px) 100vw, 1024px\" \/><\/figure><\/li><li class=\"blocks-gallery-item\"><figure><img loading=\"lazy\" width=\"1024\" height=\"768\" src=\"http:\/\/www.agp-verneuil.fr\/wp-content\/uploads\/2024\/12\/IMG_2751-1024x768.jpeg\" alt=\"\" data-id=\"355\" data-full-url=\"http:\/\/www.agp-verneuil.fr\/wp-content\/uploads\/2024\/12\/IMG_2751-scaled.jpeg\" data-link=\"http:\/\/www.agp-verneuil.fr\/img_2751\/\" class=\"wp-image-355\" srcset=\"https:\/\/www.agp-verneuil.fr\/wp-content\/uploads\/2024\/12\/IMG_2751-1024x768.jpeg 1024w, https:\/\/www.agp-verneuil.fr\/wp-content\/uploads\/2024\/12\/IMG_2751-300x225.jpeg 300w, https:\/\/www.agp-verneuil.fr\/wp-content\/uploads\/2024\/12\/IMG_2751-768x576.jpeg 768w, https:\/\/www.agp-verneuil.fr\/wp-content\/uploads\/2024\/12\/IMG_2751-1536x1152.jpeg 1536w, https:\/\/www.agp-verneuil.fr\/wp-content\/uploads\/2024\/12\/IMG_2751-2048x1536.jpeg 2048w\" sizes=\"(max-width: 1024px) 100vw, 1024px\" \/><\/figure><\/li><\/ul><\/figure>\n\n\n\n<figure class=\"wp-block-gallery columns-2 is-cropped\"><ul class=\"blocks-gallery-grid\"><li class=\"blocks-gallery-item\"><figure><img loading=\"lazy\" width=\"1024\" height=\"576\" src=\"http:\/\/www.agp-verneuil.fr\/wp-content\/uploads\/2024\/12\/20241217_194127-1024x576.jpg\" alt=\"\" data-id=\"351\" data-full-url=\"http:\/\/www.agp-verneuil.fr\/wp-content\/uploads\/2024\/12\/20241217_194127-scaled.jpg\" data-link=\"http:\/\/www.agp-verneuil.fr\/20241217_194127\/\" class=\"wp-image-351\" srcset=\"https:\/\/www.agp-verneuil.fr\/wp-content\/uploads\/2024\/12\/20241217_194127-1024x576.jpg 1024w, https:\/\/www.agp-verneuil.fr\/wp-content\/uploads\/2024\/12\/20241217_194127-300x169.jpg 300w, https:\/\/www.agp-verneuil.fr\/wp-content\/uploads\/2024\/12\/20241217_194127-768x432.jpg 768w, https:\/\/www.agp-verneuil.fr\/wp-content\/uploads\/2024\/12\/20241217_194127-1536x864.jpg 1536w, https:\/\/www.agp-verneuil.fr\/wp-content\/uploads\/2024\/12\/20241217_194127-2048x1152.jpg 2048w\" sizes=\"(max-width: 1024px) 100vw, 1024px\" \/><\/figure><\/li><li class=\"blocks-gallery-item\"><figure><img loading=\"lazy\" width=\"1024\" height=\"576\" src=\"http:\/\/www.agp-verneuil.fr\/wp-content\/uploads\/2024\/12\/20241217_204116-1024x576.jpg\" alt=\"\" data-id=\"350\" data-full-url=\"http:\/\/www.agp-verneuil.fr\/wp-content\/uploads\/2024\/12\/20241217_204116-scaled.jpg\" data-link=\"http:\/\/www.agp-verneuil.fr\/20241217_204116\/\" class=\"wp-image-350\" srcset=\"https:\/\/www.agp-verneuil.fr\/wp-content\/uploads\/2024\/12\/20241217_204116-1024x576.jpg 1024w, https:\/\/www.agp-verneuil.fr\/wp-content\/uploads\/2024\/12\/20241217_204116-300x169.jpg 300w, https:\/\/www.agp-verneuil.fr\/wp-content\/uploads\/2024\/12\/20241217_204116-768x432.jpg 768w, https:\/\/www.agp-verneuil.fr\/wp-content\/uploads\/2024\/12\/20241217_204116-1536x864.jpg 1536w, https:\/\/www.agp-verneuil.fr\/wp-content\/uploads\/2024\/12\/20241217_204116-2048x1152.jpg 2048w\" sizes=\"(max-width: 1024px) 100vw, 1024px\" \/><\/figure><\/li><li class=\"blocks-gallery-item\"><figure><img loading=\"lazy\" width=\"1024\" height=\"576\" src=\"http:\/\/www.agp-verneuil.fr\/wp-content\/uploads\/2024\/12\/20241217_194222-1024x576.jpg\" alt=\"\" data-id=\"349\" data-full-url=\"http:\/\/www.agp-verneuil.fr\/wp-content\/uploads\/2024\/12\/20241217_194222-scaled.jpg\" data-link=\"http:\/\/www.agp-verneuil.fr\/20241217_194222\/\" class=\"wp-image-349\" srcset=\"https:\/\/www.agp-verneuil.fr\/wp-content\/uploads\/2024\/12\/20241217_194222-1024x576.jpg 1024w, https:\/\/www.agp-verneuil.fr\/wp-content\/uploads\/2024\/12\/20241217_194222-300x169.jpg 300w, https:\/\/www.agp-verneuil.fr\/wp-content\/uploads\/2024\/12\/20241217_194222-768x432.jpg 768w, https:\/\/www.agp-verneuil.fr\/wp-content\/uploads\/2024\/12\/20241217_194222-1536x864.jpg 1536w, https:\/\/www.agp-verneuil.fr\/wp-content\/uploads\/2024\/12\/20241217_194222-2048x1152.jpg 2048w\" sizes=\"(max-width: 1024px) 100vw, 1024px\" \/><\/figure><\/li><li class=\"blocks-gallery-item\"><figure><img loading=\"lazy\" width=\"1024\" height=\"576\" src=\"http:\/\/www.agp-verneuil.fr\/wp-content\/uploads\/2024\/12\/20241217_194216-1024x576.jpg\" alt=\"\" data-id=\"348\" data-full-url=\"http:\/\/www.agp-verneuil.fr\/wp-content\/uploads\/2024\/12\/20241217_194216-scaled.jpg\" data-link=\"http:\/\/www.agp-verneuil.fr\/20241217_194216\/\" class=\"wp-image-348\" srcset=\"https:\/\/www.agp-verneuil.fr\/wp-content\/uploads\/2024\/12\/20241217_194216-1024x576.jpg 1024w, https:\/\/www.agp-verneuil.fr\/wp-content\/uploads\/2024\/12\/20241217_194216-300x169.jpg 300w, https:\/\/www.agp-verneuil.fr\/wp-content\/uploads\/2024\/12\/20241217_194216-768x432.jpg 768w, https:\/\/www.agp-verneuil.fr\/wp-content\/uploads\/2024\/12\/20241217_194216-1536x864.jpg 1536w, https:\/\/www.agp-verneuil.fr\/wp-content\/uploads\/2024\/12\/20241217_194216-2048x1152.jpg 2048w\" sizes=\"(max-width: 1024px) 100vw, 1024px\" \/><\/figure><\/li><li class=\"blocks-gallery-item\"><figure><img loading=\"lazy\" width=\"1024\" height=\"576\" src=\"http:\/\/www.agp-verneuil.fr\/wp-content\/uploads\/2024\/12\/20241217_194212-1024x576.jpg\" alt=\"\" data-id=\"347\" data-full-url=\"http:\/\/www.agp-verneuil.fr\/wp-content\/uploads\/2024\/12\/20241217_194212-scaled.jpg\" data-link=\"http:\/\/www.agp-verneuil.fr\/20241217_194212\/\" class=\"wp-image-347\" srcset=\"https:\/\/www.agp-verneuil.fr\/wp-content\/uploads\/2024\/12\/20241217_194212-1024x576.jpg 1024w, https:\/\/www.agp-verneuil.fr\/wp-content\/uploads\/2024\/12\/20241217_194212-300x169.jpg 300w, https:\/\/www.agp-verneuil.fr\/wp-content\/uploads\/2024\/12\/20241217_194212-768x432.jpg 768w, https:\/\/www.agp-verneuil.fr\/wp-content\/uploads\/2024\/12\/20241217_194212-1536x864.jpg 1536w, https:\/\/www.agp-verneuil.fr\/wp-content\/uploads\/2024\/12\/20241217_194212-2048x1152.jpg 2048w\" sizes=\"(max-width: 1024px) 100vw, 1024px\" \/><\/figure><\/li><li class=\"blocks-gallery-item\"><figure><img loading=\"lazy\" width=\"1024\" height=\"576\" src=\"http:\/\/www.agp-verneuil.fr\/wp-content\/uploads\/2024\/12\/1000014242-1024x576.jpg\" alt=\"\" data-id=\"346\" data-full-url=\"http:\/\/www.agp-verneuil.fr\/wp-content\/uploads\/2024\/12\/1000014242-scaled.jpg\" data-link=\"http:\/\/www.agp-verneuil.fr\/1000014242\/\" class=\"wp-image-346\" srcset=\"https:\/\/www.agp-verneuil.fr\/wp-content\/uploads\/2024\/12\/1000014242-1024x576.jpg 1024w, https:\/\/www.agp-verneuil.fr\/wp-content\/uploads\/2024\/12\/1000014242-300x169.jpg 300w, https:\/\/www.agp-verneuil.fr\/wp-content\/uploads\/2024\/12\/1000014242-768x432.jpg 768w, https:\/\/www.agp-verneuil.fr\/wp-content\/uploads\/2024\/12\/1000014242-1536x864.jpg 1536w, https:\/\/www.agp-verneuil.fr\/wp-content\/uploads\/2024\/12\/1000014242-2048x1152.jpg 2048w\" sizes=\"(max-width: 1024px) 100vw, 1024px\" \/><\/figure><\/li><\/ul><\/figure>\n\n\n\n<figure class=\"wp-block-image size-large\"><img loading=\"lazy\" width=\"1024\" height=\"768\" src=\"http:\/\/www.agp-verneuil.fr\/wp-content\/uploads\/2021\/06\/SAVE_20210629_205738.jpg\" alt=\"\" class=\"wp-image-82\" srcset=\"https:\/\/www.agp-verneuil.fr\/wp-content\/uploads\/2021\/06\/SAVE_20210629_205738.jpg 1024w, https:\/\/www.agp-verneuil.fr\/wp-content\/uploads\/2021\/06\/SAVE_20210629_205738-300x225.jpg 300w, https:\/\/www.agp-verneuil.fr\/wp-content\/uploads\/2021\/06\/SAVE_20210629_205738-768x576.jpg 768w\" sizes=\"(max-width: 1024px) 100vw, 1024px\" \/><\/figure>\n","protected":false},"excerpt":{"rendered":"<p>Joyeux No\u00ebl 2025 Derniers cours de l&#8217;ann\u00e9e 2024 aux couleurs de No\u00ebl<\/p>\n","protected":false},"author":2,"featured_media":0,"parent":0,"menu_order":0,"comment_status":"closed","ping_status":"closed","template":"","meta":[],"_links":{"self":[{"href":"https:\/\/www.agp-verneuil.fr\/index.php\/wp-json\/wp\/v2\/pages\/85"}],"collection":[{"href":"https:\/\/www.agp-verneuil.fr\/index.php\/wp-json\/wp\/v2\/pages"}],"about":[{"href":"https:\/\/www.agp-verneuil.fr\/index.php\/wp-json\/wp\/v2\/types\/page"}],"author":[{"embeddable":true,"href":"https:\/\/www.agp-verneuil.fr\/index.php\/wp-json\/wp\/v2\/users\/2"}],"replies":[{"embeddable":true,"href":"https:\/\/www.agp-verneuil.fr\/index.php\/wp-json\/wp\/v2\/comments?post=85"}],"version-history":[{"count":12,"href":"https:\/\/www.agp-verneuil.fr\/index.php\/wp-json\/wp\/v2\/pages\/85\/revisions"}],"predecessor-version":[{"id":416,"href":"https:\/\/www.agp-verneuil.fr\/index.php\/wp-json\/wp\/v2\/pages\/85\/revisions\/416"}],"wp:attachment":[{"href":"https:\/\/www.agp-verneuil.fr\/index.php\/wp-json\/wp\/v2\/media?parent=85"}],"curies":[{"name":"wp","href":"https:\/\/api.w.org\/{rel}","templated":true}]}}